{"id":35,"date":"2020-02-04T15:40:06","date_gmt":"2020-02-04T15:40:06","guid":{"rendered":"http:\/\/cristiancurilem.cl\/?page_id=35"},"modified":"2024-07-22T14:06:01","modified_gmt":"2024-07-22T14:06:01","slug":"elementor-35","status":"publish","type":"page","link":"https:\/\/cristiancurilem.cl\/","title":{"rendered":"Qui\u00e9n soy"},"content":{"rendered":"\t\t<div data-elementor-type=\"wp-page\" data-elementor-id=\"35\" class=\"elementor elementor-35\" data-elementor-settings=\"[]\">\n\t\t\t<div class=\"elementor-inner\">\n\t\t\t\t<div class=\"elementor-section-wrap\">\n\t\t\t\t\t\t\t<section class=\"elementor-element elementor-element-70a482b elementor-section-boxed elementor-section-height-default elementor-section-height-default elementor-section elementor-top-section\" data-id=\"70a482b\" data-element_type=\"section\">\n\t\t\t\t\t\t<div class=\"elementor-container elementor-column-gap-default\">\n\t\t\t\t<div class=\"elementor-row\">\n\t\t\t\t<div class=\"elementor-element elementor-element-0a83698 elementor-column elementor-col-100 elementor-top-column\" data-id=\"0a83698\" data-element_type=\"column\">\n\t\t\t<div class=\"elementor-column-wrap  elementor-element-populated\">\n\t\t\t\t\t<div class=\"elementor-widget-wrap\">\n\t\t\t\t<section class=\"elementor-element elementor-element-851e43f elementor-section-boxed elementor-section-height-default elementor-section-height-default elementor-section elementor-inner-section\" data-id=\"851e43f\" data-element_type=\"section\">\n\t\t\t\t\t\t<div class=\"elementor-container elementor-column-gap-default\">\n\t\t\t\t<div class=\"elementor-row\">\n\t\t\t\t<div class=\"elementor-element elementor-element-2693e35 elementor-column elementor-col-50 elementor-inner-column\" data-id=\"2693e35\" data-element_type=\"column\">\n\t\t\t<div class=\"elementor-column-wrap  elementor-element-populated\">\n\t\t\t\t\t<div class=\"elementor-widget-wrap\">\n\t\t\t\t<div class=\"elementor-element elementor-element-fa62482 elementor-widget elementor-widget-image\" data-id=\"fa62482\" data-element_type=\"widget\" data-widget_type=\"image.default\">\n\t\t\t\t<div class=\"elementor-widget-container\">\n\t\t\t\t\t<div class=\"elementor-image\">\n\t\t\t\t\t\t\t\t\t\t<img loading=\"lazy\" decoding=\"async\" width=\"300\" height=\"300\" src=\"https:\/\/cristiancurilem.cl\/wp-content\/uploads\/2020\/02\/Recurso-1-300x300.png\" class=\"attachment-medium size-medium\" alt=\"\" srcset=\"https:\/\/cristiancurilem.cl\/wp-content\/uploads\/2020\/02\/Recurso-1-300x300.png 300w, https:\/\/cristiancurilem.cl\/wp-content\/uploads\/2020\/02\/Recurso-1-150x150.png 150w, https:\/\/cristiancurilem.cl\/wp-content\/uploads\/2020\/02\/Recurso-1-60x60.png 60w, https:\/\/cristiancurilem.cl\/wp-content\/uploads\/2020\/02\/Recurso-1.png 758w\" sizes=\"(max-width: 300px) 100vw, 300px\" \/>\t\t\t\t\t\t\t\t\t\t\t<\/div>\n\t\t\t\t<\/div>\n\t\t\t\t<\/div>\n\t\t\t\t\t\t<\/div>\n\t\t\t<\/div>\n\t\t<\/div>\n\t\t\t\t<div class=\"elementor-element elementor-element-cf6d8ed elementor-column elementor-col-50 elementor-inner-column\" data-id=\"cf6d8ed\" data-element_type=\"column\">\n\t\t\t<div class=\"elementor-column-wrap  elementor-element-populated\">\n\t\t\t\t\t<div class=\"elementor-widget-wrap\">\n\t\t\t\t<div class=\"elementor-element elementor-element-0342bdd elementor-widget elementor-widget-text-editor\" data-id=\"0342bdd\" data-element_type=\"widget\" data-widget_type=\"text-editor.default\">\n\t\t\t\t<div class=\"elementor-widget-container\">\n\t\t\t\t\t<div class=\"elementor-text-editor elementor-clearfix\"><p style=\"text-align: center;\"><em>\u00a1Hola! Soy <strong>Cristian Eduardo Curilem Santis.<\/strong><\/em><\/p>\n<p style=\"text-align: center;\"><em><strong>Audiovisual de profesi\u00f3n<\/strong>. A lo largo de mi carrera, <\/em><em>me he desempe\u00f1ado en diversos cargos y en distintas \u00e1reas en empresas de comunicaci\u00f3n como Televisi\u00f3n, Editoriales, Marketing, Agencias digitales, Educaci\u00f3n y lo que me espere el destino.\u00a0<\/em><\/p>\n<p style=\"text-align: center;\"><strong>De toda mi experiencia saco lo mejor, aprendizaje y desaf\u00edo constante.<\/strong><\/p>\n<p style=\"text-align: center;\"><a href=\"http:\/\/cristiancurilem.cl\/wp-content\/uploads\/2024\/07\/CV_CURILEM_2024.pdf\"target=\u201d_blank\u201d>\n<em>Pincha aqu\u00ed para ver el CV<\/em><\/a><\/p><\/div>\n\t\t\t\t<\/div>\n\t\t\t\t<\/div>\n\t\t\t\t\t\t<\/div>\n\t\t\t<\/div>\n\t\t<\/div>\n\t\t\t\t\t\t<\/div>\n\t\t\t<\/div>\n\t\t<\/section>\n\t\t\t\t\t\t<\/div>\n\t\t\t<\/div>\n\t\t<\/div>\n\t\t\t\t\t\t<\/div>\n\t\t\t<\/div>\n\t\t<\/section>\n\t\t\t\t\t\t<\/div>\n\t\t\t<\/div>\n\t\t<\/div>\n\t\t","protected":false},"excerpt":{"rendered":"<p>\u00a1Hola! Soy Cristian Eduardo Curilem Santis. Audiovisual de profesi\u00f3n. A lo largo de mi carrera, [&hellip;]<\/p>\n","protected":false},"author":1,"featured_media":0,"parent":0,"menu_order":0,"comment_status":"closed","ping_status":"closed","template":"","meta":{"footnotes":""},"_links":{"self":[{"href":"https:\/\/cristiancurilem.cl\/index.php\/wp-json\/wp\/v2\/pages\/35"}],"collection":[{"href":"https:\/\/cristiancurilem.cl\/index.php\/wp-json\/wp\/v2\/pages"}],"about":[{"href":"https:\/\/cristiancurilem.cl\/index.php\/wp-json\/wp\/v2\/types\/page"}],"author":[{"embeddable":true,"href":"https:\/\/cristiancurilem.cl\/index.php\/wp-json\/wp\/v2\/users\/1"}],"replies":[{"embeddable":true,"href":"https:\/\/cristiancurilem.cl\/index.php\/wp-json\/wp\/v2\/comments?post=35"}],"version-history":[{"count":41,"href":"https:\/\/cristiancurilem.cl\/index.php\/wp-json\/wp\/v2\/pages\/35\/revisions"}],"predecessor-version":[{"id":227,"href":"https:\/\/cristiancurilem.cl\/index.php\/wp-json\/wp\/v2\/pages\/35\/revisions\/227"}],"wp:attachment":[{"href":"https:\/\/cristiancurilem.cl\/index.php\/wp-json\/wp\/v2\/media?parent=35"}],"curies":[{"name":"wp","href":"https:\/\/api.w.org\/{rel}","templated":true}]}}