{"id":136,"date":"2020-02-05T21:20:58","date_gmt":"2020-02-05T21:20:58","guid":{"rendered":"http:\/\/cristiancurilem.cl\/?page_id=136"},"modified":"2024-06-06T19:45:19","modified_gmt":"2024-06-06T19:45:19","slug":"diseno-web","status":"publish","type":"page","link":"https:\/\/cristiancurilem.cl\/index.php\/diseno-web\/","title":{"rendered":"Dise\u00f1o web"},"content":{"rendered":"\t\t<div data-elementor-type=\"wp-page\" data-elementor-id=\"136\" class=\"elementor elementor-136\" data-elementor-settings=\"[]\">\n\t\t\t<div class=\"elementor-inner\">\n\t\t\t\t<div class=\"elementor-section-wrap\">\n\t\t\t\t\t\t\t<section class=\"elementor-element elementor-element-ef4197e elementor-section-boxed elementor-section-height-default elementor-section-height-default elementor-section elementor-top-section\" data-id=\"ef4197e\" data-element_type=\"section\">\n\t\t\t\t\t\t<div class=\"elementor-container elementor-column-gap-default\">\n\t\t\t\t<div class=\"elementor-row\">\n\t\t\t\t<div class=\"elementor-element elementor-element-9611a4d elementor-column elementor-col-100 elementor-top-column\" data-id=\"9611a4d\" data-element_type=\"column\">\n\t\t\t<div class=\"elementor-column-wrap  elementor-element-populated\">\n\t\t\t\t\t<div class=\"elementor-widget-wrap\">\n\t\t\t\t<section class=\"elementor-element elementor-element-548c085 elementor-section-boxed elementor-section-height-default elementor-section-height-default elementor-section elementor-inner-section\" data-id=\"548c085\" data-element_type=\"section\">\n\t\t\t\t\t\t<div class=\"elementor-container elementor-column-gap-default\">\n\t\t\t\t<div class=\"elementor-row\">\n\t\t\t\t<div class=\"elementor-element elementor-element-8630b28 elementor-column elementor-col-50 elementor-inner-column\" data-id=\"8630b28\" data-element_type=\"column\">\n\t\t\t<div class=\"elementor-column-wrap  elementor-element-populated\">\n\t\t\t\t\t<div class=\"elementor-widget-wrap\">\n\t\t\t\t<div class=\"elementor-element elementor-element-fc99af5 elementor-widget elementor-widget-image\" data-id=\"fc99af5\" data-element_type=\"widget\" data-widget_type=\"image.default\">\n\t\t\t\t<div class=\"elementor-widget-container\">\n\t\t\t\t\t<div class=\"elementor-image\">\n\t\t\t\t\t\t\t\t\t\t<img loading=\"lazy\" decoding=\"async\" width=\"225\" height=\"225\" src=\"https:\/\/cristiancurilem.cl\/wp-content\/uploads\/2020\/02\/wp_imagen.jpeg\" class=\"attachment-large size-large\" alt=\"\" srcset=\"https:\/\/cristiancurilem.cl\/wp-content\/uploads\/2020\/02\/wp_imagen.jpeg 225w, https:\/\/cristiancurilem.cl\/wp-content\/uploads\/2020\/02\/wp_imagen-150x150.jpeg 150w\" sizes=\"(max-width: 225px) 100vw, 225px\" \/>\t\t\t\t\t\t\t\t\t\t\t<\/div>\n\t\t\t\t<\/div>\n\t\t\t\t<\/div>\n\t\t\t\t\t\t<\/div>\n\t\t\t<\/div>\n\t\t<\/div>\n\t\t\t\t<div class=\"elementor-element elementor-element-d5c4560 elementor-column elementor-col-50 elementor-inner-column\" data-id=\"d5c4560\" data-element_type=\"column\">\n\t\t\t<div class=\"elementor-column-wrap  elementor-element-populated\">\n\t\t\t\t\t<div class=\"elementor-widget-wrap\">\n\t\t\t\t<div class=\"elementor-element elementor-element-ff66d03 elementor-widget elementor-widget-text-editor\" data-id=\"ff66d03\" data-element_type=\"widget\" data-widget_type=\"text-editor.default\">\n\t\t\t\t<div class=\"elementor-widget-container\">\n\t\t\t\t\t<div class=\"elementor-text-editor elementor-clearfix\"><p style=\"text-align: center;\"><em><strong>USABILIDAD + APARIENCIA + ESTRATEGIA<\/strong><\/em><\/p><p style=\"text-align: center;\">Dise\u00f1o, creaci\u00f3n, configuraci\u00f3n\u00a0 y cat\u00e1logo digital de la tienda online.<\/p><p style=\"text-align: center;\">Administraci\u00f3n en:<\/p><p style=\"text-align: center;\"><strong>WordPress &#8211; Woocomerce &#8211; Prestashop<\/strong><\/p><\/div>\n\t\t\t\t<\/div>\n\t\t\t\t<\/div>\n\t\t\t\t\t\t<\/div>\n\t\t\t<\/div>\n\t\t<\/div>\n\t\t\t\t\t\t<\/div>\n\t\t\t<\/div>\n\t\t<\/section>\n\t\t\t\t\t\t<\/div>\n\t\t\t<\/div>\n\t\t<\/div>\n\t\t\t\t\t\t<\/div>\n\t\t\t<\/div>\n\t\t<\/section>\n\t\t\t\t<section class=\"elementor-element elementor-element-9613de9 elementor-section-boxed elementor-section-height-default elementor-section-height-default elementor-section elementor-top-section\" data-id=\"9613de9\" data-element_type=\"section\">\n\t\t\t\t\t\t<div class=\"elementor-container elementor-column-gap-default\">\n\t\t\t\t<div class=\"elementor-row\">\n\t\t\t\t<div class=\"elementor-element elementor-element-bcd0df0 elementor-column elementor-col-25 elementor-top-column\" data-id=\"bcd0df0\" data-element_type=\"column\">\n\t\t\t<div class=\"elementor-column-wrap  elementor-element-populated\">\n\t\t\t\t\t<div class=\"elementor-widget-wrap\">\n\t\t\t\t<div class=\"elementor-element elementor-element-6a456a9 elementor-widget elementor-widget-image\" data-id=\"6a456a9\" data-element_type=\"widget\" data-widget_type=\"image.default\">\n\t\t\t\t<div class=\"elementor-widget-container\">\n\t\t\t\t\t<div class=\"elementor-image\">\n\t\t\t\t\t\t\t\t\t\t<img loading=\"lazy\" decoding=\"async\" width=\"819\" height=\"373\" src=\"https:\/\/cristiancurilem.cl\/wp-content\/uploads\/2020\/02\/Captura-de-Pantalla-2020-02-05-a-las-18.28.39-1024x466.png\" class=\"attachment-large size-large\" alt=\"\" srcset=\"https:\/\/cristiancurilem.cl\/wp-content\/uploads\/2020\/02\/Captura-de-Pantalla-2020-02-05-a-las-18.28.39-1024x466.png 1024w, https:\/\/cristiancurilem.cl\/wp-content\/uploads\/2020\/02\/Captura-de-Pantalla-2020-02-05-a-las-18.28.39-300x136.png 300w, https:\/\/cristiancurilem.cl\/wp-content\/uploads\/2020\/02\/Captura-de-Pantalla-2020-02-05-a-las-18.28.39-768x349.png 768w, https:\/\/cristiancurilem.cl\/wp-content\/uploads\/2020\/02\/Captura-de-Pantalla-2020-02-05-a-las-18.28.39.png 1245w\" sizes=\"(max-width: 819px) 100vw, 819px\" \/>\t\t\t\t\t\t\t\t\t\t\t<\/div>\n\t\t\t\t<\/div>\n\t\t\t\t<\/div>\n\t\t\t\t\t\t<\/div>\n\t\t\t<\/div>\n\t\t<\/div>\n\t\t\t\t<div class=\"elementor-element elementor-element-a0492b1 elementor-column elementor-col-25 elementor-top-column\" data-id=\"a0492b1\" data-element_type=\"column\">\n\t\t\t<div class=\"elementor-column-wrap  elementor-element-populated\">\n\t\t\t\t\t<div class=\"elementor-widget-wrap\">\n\t\t\t\t<div class=\"elementor-element elementor-element-0f1d782 elementor-widget elementor-widget-image\" data-id=\"0f1d782\" data-element_type=\"widget\" data-widget_type=\"image.default\">\n\t\t\t\t<div class=\"elementor-widget-container\">\n\t\t\t\t\t<div class=\"elementor-image\">\n\t\t\t\t\t\t\t\t\t\t<img loading=\"lazy\" decoding=\"async\" width=\"819\" height=\"418\" src=\"https:\/\/cristiancurilem.cl\/wp-content\/uploads\/2020\/02\/Captura-de-Pantalla-2020-02-05-a-las-18.30.24-1024x523.png\" class=\"attachment-large size-large\" alt=\"\" srcset=\"https:\/\/cristiancurilem.cl\/wp-content\/uploads\/2020\/02\/Captura-de-Pantalla-2020-02-05-a-las-18.30.24-1024x523.png 1024w, https:\/\/cristiancurilem.cl\/wp-content\/uploads\/2020\/02\/Captura-de-Pantalla-2020-02-05-a-las-18.30.24-300x153.png 300w, https:\/\/cristiancurilem.cl\/wp-content\/uploads\/2020\/02\/Captura-de-Pantalla-2020-02-05-a-las-18.30.24-768x392.png 768w, https:\/\/cristiancurilem.cl\/wp-content\/uploads\/2020\/02\/Captura-de-Pantalla-2020-02-05-a-las-18.30.24.png 1235w\" sizes=\"(max-width: 819px) 100vw, 819px\" \/>\t\t\t\t\t\t\t\t\t\t\t<\/div>\n\t\t\t\t<\/div>\n\t\t\t\t<\/div>\n\t\t\t\t\t\t<\/div>\n\t\t\t<\/div>\n\t\t<\/div>\n\t\t\t\t<div class=\"elementor-element elementor-element-adcfb56 elementor-column elementor-col-25 elementor-top-column\" data-id=\"adcfb56\" data-element_type=\"column\">\n\t\t\t<div class=\"elementor-column-wrap  elementor-element-populated\">\n\t\t\t\t\t<div class=\"elementor-widget-wrap\">\n\t\t\t\t<div class=\"elementor-element elementor-element-8c3591c elementor-widget elementor-widget-image\" data-id=\"8c3591c\" data-element_type=\"widget\" data-widget_type=\"image.default\">\n\t\t\t\t<div class=\"elementor-widget-container\">\n\t\t\t\t\t<div class=\"elementor-image\">\n\t\t\t\t\t\t\t\t\t\t<img loading=\"lazy\" decoding=\"async\" width=\"819\" height=\"358\" src=\"https:\/\/cristiancurilem.cl\/wp-content\/uploads\/2020\/02\/Captura-de-Pantalla-2020-02-05-a-las-18.32.04-1024x447.png\" class=\"attachment-large size-large\" alt=\"\" srcset=\"https:\/\/cristiancurilem.cl\/wp-content\/uploads\/2020\/02\/Captura-de-Pantalla-2020-02-05-a-las-18.32.04-1024x447.png 1024w, https:\/\/cristiancurilem.cl\/wp-content\/uploads\/2020\/02\/Captura-de-Pantalla-2020-02-05-a-las-18.32.04-300x131.png 300w, https:\/\/cristiancurilem.cl\/wp-content\/uploads\/2020\/02\/Captura-de-Pantalla-2020-02-05-a-las-18.32.04-768x335.png 768w, https:\/\/cristiancurilem.cl\/wp-content\/uploads\/2020\/02\/Captura-de-Pantalla-2020-02-05-a-las-18.32.04.png 1246w\" sizes=\"(max-width: 819px) 100vw, 819px\" \/>\t\t\t\t\t\t\t\t\t\t\t<\/div>\n\t\t\t\t<\/div>\n\t\t\t\t<\/div>\n\t\t\t\t\t\t<\/div>\n\t\t\t<\/div>\n\t\t<\/div>\n\t\t\t\t<div class=\"elementor-element elementor-element-8af5790 elementor-column elementor-col-25 elementor-top-column\" data-id=\"8af5790\" data-element_type=\"column\">\n\t\t\t<div class=\"elementor-column-wrap  elementor-element-populated\">\n\t\t\t\t\t<div class=\"elementor-widget-wrap\">\n\t\t\t\t<div class=\"elementor-element elementor-element-e7883aa elementor-widget elementor-widget-image\" data-id=\"e7883aa\" data-element_type=\"widget\" data-widget_type=\"image.default\">\n\t\t\t\t<div class=\"elementor-widget-container\">\n\t\t\t\t\t<div class=\"elementor-image\">\n\t\t\t\t\t\t\t\t\t\t<img loading=\"lazy\" decoding=\"async\" width=\"819\" height=\"405\" src=\"https:\/\/cristiancurilem.cl\/wp-content\/uploads\/2020\/02\/Captura-de-Pantalla-2020-02-05-a-las-18.32.48-1024x506.png\" class=\"attachment-large size-large\" alt=\"\" srcset=\"https:\/\/cristiancurilem.cl\/wp-content\/uploads\/2020\/02\/Captura-de-Pantalla-2020-02-05-a-las-18.32.48-1024x506.png 1024w, https:\/\/cristiancurilem.cl\/wp-content\/uploads\/2020\/02\/Captura-de-Pantalla-2020-02-05-a-las-18.32.48-300x148.png 300w, https:\/\/cristiancurilem.cl\/wp-content\/uploads\/2020\/02\/Captura-de-Pantalla-2020-02-05-a-las-18.32.48-768x379.png 768w, https:\/\/cristiancurilem.cl\/wp-content\/uploads\/2020\/02\/Captura-de-Pantalla-2020-02-05-a-las-18.32.48.png 1249w\" sizes=\"(max-width: 819px) 100vw, 819px\" \/>\t\t\t\t\t\t\t\t\t\t\t<\/div>\n\t\t\t\t<\/div>\n\t\t\t\t<\/div>\n\t\t\t\t\t\t<\/div>\n\t\t\t<\/div>\n\t\t<\/div>\n\t\t\t\t\t\t<\/div>\n\t\t\t<\/div>\n\t\t<\/section>\n\t\t\t\t<section class=\"elementor-element elementor-element-3f90cb7 elementor-section-boxed elementor-section-height-default elementor-section-height-default elementor-section elementor-top-section\" data-id=\"3f90cb7\" data-element_type=\"section\">\n\t\t\t\t\t\t<div class=\"elementor-container elementor-column-gap-default\">\n\t\t\t\t<div class=\"elementor-row\">\n\t\t\t\t<div class=\"elementor-element elementor-element-33e4891 elementor-column elementor-col-16 elementor-top-column\" data-id=\"33e4891\" data-element_type=\"column\">\n\t\t\t<div class=\"elementor-column-wrap\">\n\t\t\t\t\t<div class=\"elementor-widget-wrap\">\n\t\t\t\t\t\t<\/div>\n\t\t\t<\/div>\n\t\t<\/div>\n\t\t\t\t<div class=\"elementor-element elementor-element-9cc8072 elementor-column elementor-col-16 elementor-top-column\" data-id=\"9cc8072\" data-element_type=\"column\">\n\t\t\t<div class=\"elementor-column-wrap  elementor-element-populated\">\n\t\t\t\t\t<div class=\"elementor-widget-wrap\">\n\t\t\t\t<div class=\"elementor-element elementor-element-f29aee7 elementor-view-framed elementor-shape-circle elementor-widget elementor-widget-icon\" data-id=\"f29aee7\" data-element_type=\"widget\" data-widget_type=\"icon.default\">\n\t\t\t\t<div class=\"elementor-widget-container\">\n\t\t\t\t\t<div class=\"elementor-icon-wrapper\">\n\t\t\t<a class=\"elementor-icon\" href=\"https:\/\/uniformesexpress.cl\/\" target=\"_blank\">\n\t\t\t<i aria-hidden=\"true\" class=\"fab fa-phabricator\"><\/i>\t\t\t<\/a>\n\t\t<\/div>\n\t\t\t\t<\/div>\n\t\t\t\t<\/div>\n\t\t\t\t\t\t<\/div>\n\t\t\t<\/div>\n\t\t<\/div>\n\t\t\t\t<div class=\"elementor-element elementor-element-8bca1e4 elementor-column elementor-col-16 elementor-top-column\" data-id=\"8bca1e4\" data-element_type=\"column\">\n\t\t\t<div class=\"elementor-column-wrap\">\n\t\t\t\t\t<div class=\"elementor-widget-wrap\">\n\t\t\t\t\t\t<\/div>\n\t\t\t<\/div>\n\t\t<\/div>\n\t\t\t\t<div class=\"elementor-element elementor-element-a66c276 elementor-column elementor-col-16 elementor-top-column\" data-id=\"a66c276\" data-element_type=\"column\">\n\t\t\t<div class=\"elementor-column-wrap  elementor-element-populated\">\n\t\t\t\t\t<div class=\"elementor-widget-wrap\">\n\t\t\t\t<div class=\"elementor-element elementor-element-e35adb8 elementor-view-framed elementor-shape-circle elementor-widget elementor-widget-icon\" data-id=\"e35adb8\" data-element_type=\"widget\" data-widget_type=\"icon.default\">\n\t\t\t\t<div class=\"elementor-widget-container\">\n\t\t\t\t\t<div class=\"elementor-icon-wrapper\">\n\t\t\t<a class=\"elementor-icon\" href=\"https:\/\/autogesta.cl\/\" target=\"_blank\">\n\t\t\t<i aria-hidden=\"true\" class=\"fas fa-car-side\"><\/i>\t\t\t<\/a>\n\t\t<\/div>\n\t\t\t\t<\/div>\n\t\t\t\t<\/div>\n\t\t\t\t\t\t<\/div>\n\t\t\t<\/div>\n\t\t<\/div>\n\t\t\t\t<div class=\"elementor-element elementor-element-b4dbed3 elementor-column elementor-col-16 elementor-top-column\" data-id=\"b4dbed3\" data-element_type=\"column\">\n\t\t\t<div class=\"elementor-column-wrap  elementor-element-populated\">\n\t\t\t\t\t<div class=\"elementor-widget-wrap\">\n\t\t\t\t<div class=\"elementor-element elementor-element-d124ef5 elementor-view-framed elementor-shape-circle elementor-widget elementor-widget-icon\" data-id=\"d124ef5\" data-element_type=\"widget\" data-widget_type=\"icon.default\">\n\t\t\t\t<div class=\"elementor-widget-container\">\n\t\t\t\t\t<div class=\"elementor-icon-wrapper\">\n\t\t\t<a class=\"elementor-icon\" href=\"https:\/\/arthurtech.cl\/\" target=\"_blank\">\n\t\t\t<i aria-hidden=\"true\" class=\"fas fa-tools\"><\/i>\t\t\t<\/a>\n\t\t<\/div>\n\t\t\t\t<\/div>\n\t\t\t\t<\/div>\n\t\t\t\t\t\t<\/div>\n\t\t\t<\/div>\n\t\t<\/div>\n\t\t\t\t<div class=\"elementor-element elementor-element-298ac07 elementor-column elementor-col-16 elementor-top-column\" data-id=\"298ac07\" data-element_type=\"column\">\n\t\t\t<div class=\"elementor-column-wrap\">\n\t\t\t\t\t<div class=\"elementor-widget-wrap\">\n\t\t\t\t\t\t<\/div>\n\t\t\t<\/div>\n\t\t<\/div>\n\t\t\t\t\t\t<\/div>\n\t\t\t<\/div>\n\t\t<\/section>\n\t\t\t\t<section class=\"elementor-element elementor-element-1b9b9f1 elementor-section-boxed elementor-section-height-default elementor-section-height-default elementor-section elementor-top-section\" data-id=\"1b9b9f1\" data-element_type=\"section\">\n\t\t\t\t\t\t<div class=\"elementor-container elementor-column-gap-default\">\n\t\t\t\t<div class=\"elementor-row\">\n\t\t\t\t<div class=\"elementor-element elementor-element-408abb7 elementor-column elementor-col-100 elementor-top-column\" data-id=\"408abb7\" data-element_type=\"column\">\n\t\t\t<div class=\"elementor-column-wrap  elementor-element-populated\">\n\t\t\t\t\t<div class=\"elementor-widget-wrap\">\n\t\t\t\t<div class=\"elementor-element elementor-element-97deffd elementor-widget elementor-widget-heading\" data-id=\"97deffd\" data-element_type=\"widget\" data-widget_type=\"heading.default\">\n\t\t\t\t<div class=\"elementor-widget-container\">\n\t\t\t<h6 class=\"elementor-heading-title elementor-size-default\">Haz click en cada \u00edcono para ver trabajos<\/h6>\t\t<\/div>\n\t\t\t\t<\/div>\n\t\t\t\t\t\t<\/div>\n\t\t\t<\/div>\n\t\t<\/div>\n\t\t\t\t\t\t<\/div>\n\t\t\t<\/div>\n\t\t<\/section>\n\t\t\t\t\t\t<\/div>\n\t\t\t<\/div>\n\t\t<\/div>\n\t\t","protected":false},"excerpt":{"rendered":"<p>USABILIDAD + APARIENCIA + ESTRATEGIA Dise\u00f1o, creaci\u00f3n, configuraci\u00f3n\u00a0 y cat\u00e1logo digital de la tienda online. [&hellip;]<\/p>\n","protected":false},"author":1,"featured_media":0,"parent":0,"menu_order":0,"comment_status":"closed","ping_status":"closed","template":"","meta":{"footnotes":""},"_links":{"self":[{"href":"https:\/\/cristiancurilem.cl\/index.php\/wp-json\/wp\/v2\/pages\/136"}],"collection":[{"href":"https:\/\/cristiancurilem.cl\/index.php\/wp-json\/wp\/v2\/pages"}],"about":[{"href":"https:\/\/cristiancurilem.cl\/index.php\/wp-json\/wp\/v2\/types\/page"}],"author":[{"embeddable":true,"href":"https:\/\/cristiancurilem.cl\/index.php\/wp-json\/wp\/v2\/users\/1"}],"replies":[{"embeddable":true,"href":"https:\/\/cristiancurilem.cl\/index.php\/wp-json\/wp\/v2\/comments?post=136"}],"version-history":[{"count":11,"href":"https:\/\/cristiancurilem.cl\/index.php\/wp-json\/wp\/v2\/pages\/136\/revisions"}],"predecessor-version":[{"id":211,"href":"https:\/\/cristiancurilem.cl\/index.php\/wp-json\/wp\/v2\/pages\/136\/revisions\/211"}],"wp:attachment":[{"href":"https:\/\/cristiancurilem.cl\/index.php\/wp-json\/wp\/v2\/media?parent=136"}],"curies":[{"name":"wp","href":"https:\/\/api.w.org\/{rel}","templated":true}]}}